{"id":1142,"date":"2025-03-13T12:55:04","date_gmt":"2025-03-13T11:55:04","guid":{"rendered":"https:\/\/storchengucker.de\/?page_id=1142"},"modified":"2026-02-26T10:37:16","modified_gmt":"2026-02-26T09:37:16","slug":"spenden","status":"publish","type":"page","link":"https:\/\/storchengucker.de\/?page_id=1142","title":{"rendered":"Spenden"},"content":{"rendered":"<div class=\"entry-content\">\n<p>Haben Sie Gefallen an dieser Seite gefunden und wollen Sie dieses Projekt finanziell unterst\u00fctzen,\u00a0k\u00f6nnen Sie einen kleinen Beitrag spenden. Die gesammelten Gelder werden f\u00fcr die Betreuung und Verbesserung des Projektes eingesetzt.<\/p>\n<p>Leider k\u00f6nnen wir Ihnen keine Spendenquittung ausstellen, da wir vom Finanzamt als Gewerbeverein nicht als gemeinn\u00fctzig eingestuft werden k\u00f6nnen, obwohl wir es laut <a href=\"https:\/\/storchengucker.de\/satzung\" rel=\"noopener\">Satzung<\/a> defakto sind.<\/p>\n<p>Seit M\u00e4rz 2024 wurden zwei neue IP-CAM (in 2024 Bitron Kamera, in 2025 neu 4K Kamera) und Montagematerial angeschafft und es werden laufend monatlich 43,- \u20ac f\u00fcr IPCAMLIVE (Tarif Ultimate + Speicherplatz f\u00fcr 1 Tag Aufzeichnung) ausgegeben, dazu kommen die Leihgeb\u00fchren f\u00fcr die 30m Hebeb\u00fchne. Kosten insgesamt ca 1.000,- \u20ac und viele ehrenamtliche Arbeitsstunden.<\/p>\n<p>Vielen Dank an Olaf Graminsky von der <a href=\"https:\/\/www.sanitaer.org\/altlandsberg\/graminsky-mayer-gmbh-aUP8x7\" target=\"_blank\" rel=\"noopener\">Firma Graminsky &amp; Meyer<\/a>, der uns neuerdings sicher zum Nest (Kamera) hinauf bringt, die <a href=\"https:\/\/www.gms-strausberg.de\" target=\"_blank\" rel=\"noopener\">Firma GMS Ger\u00e4te- und Mietservice GmbH<\/a> ist ja leider von Bruchm\u00fchle nach Strausberg umgezogen, dem Elektriker Thorsten Tasler, der immer gleich zur Stelle ist, wenn er gebraucht wird und Grit Burkhardt vom Sanierungsb\u00fcro f\u00fcr den kostenlosen Internetzugang. Letztendlich Kai-Uwe Z\u00f6ller von der Stadtverwaltung, der beim Umbau des Adapters f\u00fcr die neue Kamera geholfen hat und all die anderen die uns unterst\u00fctzen.<\/p>\n<table>\n<tbody>\n<tr>\n<td style=\"width: 577px;\"><a href=\"https:\/\/paypal.me\/storkcam?locale.x=de_DE\" target=\"_blank\" rel=\"noopener\"><strong>Mit Paypal zur<br \/>\nStorchencam Spende<\/strong><\/a><br \/>\nBitte \u201eSenden\u201c benutzen.<br \/>\nBei \u201eWof\u00fcr\u201c \u201eGeld an einen Freund senden\u201c w\u00e4hlen. Das erspart die nicht unerheblichen Paypal-Geb\u00fchren.<\/td>\n<td style=\"width: 538px;\">\u00dcberweisungsempf\u00e4nger (exakt so):<br \/>\nAltlandsberger Gewerbe-F\u00f6rder-Verein 2000 e.V.<br \/>\nIBAN DE47170540403000016537<br \/>\nVerwendungszweck ist \u201eStorchenkamera\u201c.<\/td>\n<\/tr>\n<\/tbody>\n<\/table>\n<p>Vielen Dank f\u00fcr die immer wieder kommenden Geldspenden unserer Storchengucker. Die einzelnen Spender und Spenderinnen werden wir nicht mehr ver\u00f6ffentlichen, weil wir daf\u00fcr nach DSGVO sonst von jeden einzelnen Spender eine Erlaubnis daf\u00fcr einholen m\u00fcssten.<\/p>\n<\/div>\n","protected":false},"excerpt":{"rendered":"<p>Haben Sie Gefallen an dieser Seite gefunden und wollen Sie dieses Projekt finanziell unterst\u00fctzen,\u00a0k\u00f6nnen Sie einen kleinen Beitrag spenden. Die gesammelten Gelder werden f\u00fcr die Betreuung und Verbesserung des Projektes eingesetzt. Leider k\u00f6nnen wir Ihnen keine Spendenquittung ausstellen, da wir vom Finanzamt als Gewerbeverein nicht als gemeinn\u00fctzig eingestuft werden k\u00f6nnen, obwohl wir es laut Satzung [&hellip;]<\/p>\n","protected":false},"author":9192192,"featured_media":0,"parent":0,"menu_order":0,"comment_status":"closed","ping_status":"closed","template":"","meta":{"_et_pb_use_builder":"off","_et_pb_old_content":"","_et_gb_content_width":"","_crdt_document":"","footnotes":""},"class_list":["post-1142","page","type-page","status-publish","hentry"],"_links":{"self":[{"href":"https:\/\/storchengucker.de\/index.php?rest_route=\/wp\/v2\/pages\/1142","targetHints":{"allow":["GET"]}}],"collection":[{"href":"https:\/\/storchengucker.de\/index.php?rest_route=\/wp\/v2\/pages"}],"about":[{"href":"https:\/\/storchengucker.de\/index.php?rest_route=\/wp\/v2\/types\/page"}],"author":[{"embeddable":true,"href":"https:\/\/storchengucker.de\/index.php?rest_route=\/wp\/v2\/users\/9192192"}],"replies":[{"embeddable":true,"href":"https:\/\/storchengucker.de\/index.php?rest_route=%2Fwp%2Fv2%2Fcomments&post=1142"}],"version-history":[{"count":14,"href":"https:\/\/storchengucker.de\/index.php?rest_route=\/wp\/v2\/pages\/1142\/revisions"}],"predecessor-version":[{"id":1193,"href":"https:\/\/storchengucker.de\/index.php?rest_route=\/wp\/v2\/pages\/1142\/revisions\/1193"}],"wp:attachment":[{"href":"https:\/\/storchengucker.de\/index.php?rest_route=%2Fwp%2Fv2%2Fmedia&parent=1142"}],"curies":[{"name":"wp","href":"https:\/\/api.w.org\/{rel}","templated":true}]}}